{"id":834,"date":"2024-10-22T14:03:57","date_gmt":"2024-10-22T18:03:57","guid":{"rendered":"https:\/\/fundacionbehealth.org\/about-us\/"},"modified":"2024-10-24T08:55:09","modified_gmt":"2024-10-24T12:55:09","slug":"sobre-nosotros","status":"publish","type":"page","link":"https:\/\/fundacionbehealth.org\/en\/sobre-nosotros\/","title":{"rendered":"Sobre Nosotros"},"content":{"rendered":"<div class=\"wp-block-uagb-container uagb-block-b7d9dbc5 alignfull uagb-is-root-container\"><div class=\"uagb-container-inner-blocks-wrap\">\n<div class=\"wp-block-uagb-info-box uagb-block-648a2585 uagb-infobox__content-wrap  uagb-infobox-icon-above-title uagb-infobox-image-valign-top\"><div class=\"uagb-ifb-content\"><div class=\"uagb-ifb-title-wrap\"><div class=\"uagb-ifb-separator\"><\/div><h1 class=\"uagb-ifb-title\"><strong>Purpose of the Foundation<\/strong><\/h1><\/div><\/div><\/div>\n<\/div><\/div>\n\n\n\n<div class=\"wp-block-uagb-container uagb-block-13a75f80 alignfull uagb-is-root-container\"><div class=\"uagb-container-inner-blocks-wrap\">\n<div class=\"wp-block-uagb-info-box uagb-block-1de62129 uagb-infobox__content-wrap  uagb-infobox-icon-above-title uagb-infobox-image-valign-top wp-block-uagb-info-box--has-margin\"><div class=\"uagb-infobox-margin-wrapper\"><div class=\"uagb-ifb-content\"><div class=\"uagb-ifb-title-wrap\"><div class=\"uagb-ifb-separator\"><\/div><h2 class=\"uagb-ifb-title\"><strong>Purpose of the Foundation<\/strong><\/h2><\/div><p class=\"uagb-ifb-desc\">La Fundaci\u00f3n BeHealth se crea con la intenci\u00f3n de dise\u00f1ar, implementar y apoyar programas educativos que promuevan una mejor salud p\u00fablica en el pa\u00eds. Nos dedicamos a:<br>Desarrollar Programas y Eventos Educativos: Crear y ofrecer programas y eventos de educaci\u00f3n sobre salud, deportes y actividades que unan la mente y el cuerpo, para diferentes segmentos de la poblaci\u00f3n, incluyendo ni\u00f1os, adolescentes, adultos y ancianos.<br><br>Promover H\u00e1bitos Saludables: Fomentar estilos de vida saludables a trav\u00e9s de campa\u00f1as de concienciaci\u00f3n, talleres, eventos y actividades comunitarias.<br><br>Colaborar con Instituciones: Trabajar en colaboraci\u00f3n con escuelas, gobierno, universidades, hospitales y otras organizaciones para expandir el alcance y el impacto de nuestros programas.<br><br>Investigaci\u00f3n y Desarrollo: Realizar investigaciones sobre salud p\u00fablica y utilizar los resultados para mejorar nuestras iniciativas salubristas.<br><br>Acceso a Recursos: Proveer acceso a recursos informativos y educativos sobre salud, deportes y actividades que unan la mente y el cuerpo a comunidades vulnerables, poblaci\u00f3n con condiciones cr\u00f3nicas y de escasos recursos.<br><br>Evaluaci\u00f3n y Mejora Continua: Evaluar constantemente la efectividad de nuestros programas y realizar mejoras basadas en los datos recopilados y las necesidades de la comunidad.<\/p><\/div><\/div><\/div>\n\n\n\n<div class=\"wp-block-uagb-container uagb-block-273861b9\">\n<div class=\"wp-block-uagb-image alignright uagb-block-de857edf wp-block-uagb-image--layout-default wp-block-uagb-image--effect-static wp-block-uagb-image--align-right\"><figure class=\"wp-block-uagb-image__figure\"><img decoding=\"async\" srcset=\"https:\/\/fundacionbehealth.org\/wp-content\/uploads\/2024\/10\/fundacion_Mesa-de-trabajo-1-copia-1024x753.png ,https:\/\/fundacionbehealth.org\/wp-content\/uploads\/2024\/10\/fundacion_Mesa-de-trabajo-1-copia.png 780w, https:\/\/fundacionbehealth.org\/wp-content\/uploads\/2024\/10\/fundacion_Mesa-de-trabajo-1-copia.png 360w\" sizes=\"auto, (max-width: 480px) 150px\" src=\"https:\/\/fundacionbehealth.org\/wp-content\/uploads\/2024\/10\/fundacion_Mesa-de-trabajo-1-copia-1024x753.png\" alt=\"\" class=\"uag-image-1536\" width=\"593\" height=\"436\" title=\"fundacion_Mesa de trabajo 1 copia\" loading=\"lazy\" role=\"img\"\/><\/figure><\/div>\n<\/div>\n<\/div><\/div>\n\n\n\n<div class=\"wp-block-uagb-container uagb-block-9b84f3b6 alignfull uagb-is-root-container\"><div class=\"uagb-container-inner-blocks-wrap\">\n<div class=\"wp-block-uagb-container uagb-block-9e2a091e\">\n<div class=\"wp-block-uagb-info-box uagb-block-53cfdc19 uagb-infobox__content-wrap  uagb-infobox-icon-above-title uagb-infobox-image-valign-top wp-block-uagb-info-box--has-margin\"><div class=\"uagb-infobox-margin-wrapper\"><div class=\"uagb-ifb-content\"><div class=\"uagb-ifb-title-wrap\"><h4 class=\"uagb-ifb-title\"><strong>Misi\u00f3n<\/strong><\/h4><\/div><p class=\"uagb-ifb-desc\">Contribuir a mejorar la salud p\u00fablica en Puerto Rico a trav\u00e9s de la educaci\u00f3n, el dise\u00f1o y la implementaci\u00f3n de programas que promuevan h\u00e1bitos saludables, creando as\u00ed un impacto positivo y sostenible en la comunidad.<br><\/p><\/div><\/div><\/div>\n<\/div>\n\n\n\n<div class=\"wp-block-uagb-container uagb-block-6fab0aa9\">\n<div class=\"wp-block-uagb-info-box uagb-block-872c930b uagb-infobox__content-wrap  uagb-infobox-icon-above-title uagb-infobox-image-valign-top wp-block-uagb-info-box--has-margin\"><div class=\"uagb-infobox-margin-wrapper\"><div class=\"uagb-ifb-content\"><div class=\"uagb-ifb-title-wrap\"><h4 class=\"uagb-ifb-title\"><strong>Visi\u00f3n<\/strong><\/h4><\/div><p class=\"uagb-ifb-desc\">Ser una organizaci\u00f3n l\u00edder en la promoci\u00f3n de la salud p\u00fablica en Puerto Rico, reconocida por su compromiso con la excelencia y la innovaci\u00f3n en la creaci\u00f3n de programas educativos que fomenten una vida m\u00e1s saludable para todos.<br><\/p><\/div><\/div><\/div>\n<\/div>\n<\/div><\/div>\n\n\n\n<div class=\"wp-block-uagb-advanced-heading uagb-block-ba06fe2a\"><h3 class=\"uagb-heading-text\"><strong>Valores<\/strong><\/h3><\/div>\n\n\n\n<div class=\"wp-block-uagb-container uagb-block-e27e5a01 alignwide uagb-is-root-container\">\n<div class=\"wp-block-uagb-container uagb-block-7b3c3ff3\">\n<div class=\"wp-block-uagb-tabs uagb-block-3b119fb6 uagb-tabs__wrap uagb-tabs__hstyle1-desktop uagb-tabs__vstyle6-tablet uagb-tabs__stack1-mobile\" data-tab-active=\"0\"><ul class=\"uagb-tabs__panel uagb-tabs__align-left\" role=\"tablist\"><li class=\"uagb-tab uagb-tabs__active\" role=\"none\"><a href=\"#uagb-tabs__tab0\" class=\"uagb-tabs-list uagb-tabs__icon-position-left\" data-tab=\"0\" role=\"tab\"><div><strong>Compromiso<\/strong><\/div><\/a><\/li><li class=\"uagb-tab\" role=\"none\"><a href=\"#uagb-tabs__tab1\" class=\"uagb-tabs-list uagb-tabs__icon-position-left\" data-tab=\"1\" role=\"tab\"><div><strong>Innovaci\u00f3n<\/strong><\/div><\/a><\/li><li class=\"uagb-tab\" role=\"none\"><a href=\"#uagb-tabs__tab2\" class=\"uagb-tabs-list uagb-tabs__icon-position-left\" data-tab=\"2\" role=\"tab\"><div><strong>Colaboraci\u00f3n<\/strong><\/div><\/a><\/li><li class=\"uagb-tab\" role=\"none\"><a href=\"#uagb-tabs__tab3\" class=\"uagb-tabs-list uagb-tabs__icon-position-left\" data-tab=\"3\" role=\"tab\"><div><strong>Inclusi\u00f3n<\/strong><\/div><\/a><\/li><li class=\"uagb-tab\" role=\"none\"><a href=\"#uagb-tabs__tab4\" class=\"uagb-tabs-list uagb-tabs__icon-position-left\" data-tab=\"4\" role=\"tab\"><div>Sostenibilidad<\/div><\/a><\/li><\/ul><div class=\"uagb-tabs__body-wrap\">\n<div class=\"wp-block-uagb-tabs-child uagb-tabs__body-container uagb-inner-tab-0\" aria-labelledby=\"uagb-tabs__tab0\">\n<p>Nos dedicamos a mejorar la salud de nuestra comunidad con integridad y perseverancia.<\/p>\n<\/div>\n\n\n\n<div class=\"wp-block-uagb-tabs-child uagb-tabs__body-container uagb-inner-tab-1\" aria-labelledby=\"uagb-tabs__tab1\">\n<p>Buscamos constantemente nuevas formas de educar y empoderar a la comunidad para una mejor salud.<\/p>\n<\/div>\n\n\n\n<div class=\"wp-block-uagb-tabs-child uagb-tabs__body-container uagb-inner-tab-2\" aria-labelledby=\"uagb-tabs__tab2\">\n<p>Trabajamos de la mano con diversas partes interesadas para maximizar nuestro impacto.<\/p>\n<\/div>\n\n\n\n<div class=\"wp-block-uagb-tabs-child uagb-tabs__body-container uagb-inner-tab-3\" aria-labelledby=\"uagb-tabs__tab3\">\n<p>&nbsp;Creemos en la importancia de llegar a todos los sectores de la sociedad, asegurando que nuestras iniciativas sean accesibles y relevantes para todos.<\/p>\n<\/div>\n\n\n\n<div class=\"wp-block-uagb-tabs-child uagb-tabs__body-container uagb-inner-tab-4\" aria-labelledby=\"uagb-tabs__tab4\">\n<p>Nos comprometemos a desarrollar programas y acciones que generen un impacto duradero en la salud p\u00fablica, utilizando los recursos de manera responsable para asegurar la continuidad de nuestros esfuerzos.<\/p>\n<\/div>\n<\/div><\/div>\n<\/div>\n<\/div>\n\n\n\n<p><\/p>","protected":false},"excerpt":{"rendered":"<p>Valores<\/p>","protected":false},"author":1,"featured_media":0,"parent":0,"menu_order":0,"comment_status":"closed","ping_status":"closed","template":"","meta":{"_uag_custom_page_level_css":"","site-sidebar-layout":"no-sidebar","site-content-layout":"plain-container","ast-site-content-layout":"normal-width-container","site-content-style":"unboxed","site-sidebar-style":"unboxed","ast-global-header-display":"","ast-banner-title-visibility":"","ast-main-header-display":"","ast-hfb-above-header-display":"","ast-hfb-below-header-display":"","ast-hfb-mobile-header-display":"","site-post-title":"disabled","ast-breadcrumbs-content":"","ast-featured-img":"disabled","footer-sml-layout":"","theme-transparent-header-meta":"enabled","adv-header-id-meta":"","stick-header-meta":"","header-above-stick-meta":"","header-main-stick-meta":"","header-below-stick-meta":"","astra-migrate-meta-layouts":"set","ast-page-background-enabled":"default","ast-page-background-meta":{"desktop":{"background-color":"var(--ast-global-color-4)","background-image":"","background-repeat":"repeat","background-position":"center center","background-size":"auto","background-attachment":"scroll","background-type":"","background-media":"","overlay-type":"","overlay-color":"","overlay-opacity":"","overlay-gradient":""},"tablet":{"background-color":"","background-image":"","background-repeat":"repeat","background-position":"center center","background-size":"auto","background-attachment":"scroll","background-type":"","background-media":"","overlay-type":"","overlay-color":"","overlay-opacity":"","overlay-gradient":""},"mobile":{"background-color":"","background-image":"","background-repeat":"repeat","background-position":"center center","background-size":"auto","background-attachment":"scroll","background-type":"","background-media":"","overlay-type":"","overlay-color":"","overlay-opacity":"","overlay-gradient":""}},"ast-content-background-meta":{"desktop":{"background-color":"var(--ast-global-color-5)","background-image":"","background-repeat":"repeat","background-position":"center center","background-size":"auto","background-attachment":"scroll","background-type":"","background-media":"","overlay-type":"","overlay-color":"","overlay-opacity":"","overlay-gradient":""},"tablet":{"background-color":"var(--ast-global-color-5)","background-image":"","background-repeat":"repeat","background-position":"center center","background-size":"auto","background-attachment":"scroll","background-type":"","background-media":"","overlay-type":"","overlay-color":"","overlay-opacity":"","overlay-gradient":""},"mobile":{"background-color":"var(--ast-global-color-5)","background-image":"","background-repeat":"repeat","background-position":"center center","background-size":"auto","background-attachment":"scroll","background-type":"","background-media":"","overlay-type":"","overlay-color":"","overlay-opacity":"","overlay-gradient":""}},"footnotes":""},"class_list":["post-834","page","type-page","status-publish","hentry"],"yoast_head":"<!-- This site is optimized with the Yoast SEO plugin v24.9 - https:\/\/yoast.com\/wordpress\/plugins\/seo\/ -->\n<title>Sobre Nosotros - Fundaci\u00f3n Behealth<\/title>\n<meta name=\"robots\" content=\"index, follow, max-snippet:-1, max-image-preview:large, max-video-preview:-1\" \/>\n<link rel=\"canonical\" href=\"https:\/\/fundacionbehealth.org\/en\/sobre-nosotros\/\" \/>\n<meta property=\"og:locale\" content=\"en_US\" \/>\n<meta property=\"og:type\" content=\"article\" \/>\n<meta property=\"og:title\" content=\"Sobre Nosotros - Fundaci\u00f3n Behealth\" \/>\n<meta property=\"og:description\" content=\"Valores\" \/>\n<meta property=\"og:url\" content=\"https:\/\/fundacionbehealth.org\/en\/sobre-nosotros\/\" \/>\n<meta property=\"og:site_name\" content=\"Fundaci\u00f3n Behealth\" \/>\n<meta property=\"article:modified_time\" content=\"2024-10-24T12:55:09+00:00\" \/>\n<meta property=\"og:image\" content=\"https:\/\/fundacionbehealth.org\/wp-content\/uploads\/2024\/10\/fundacion_Mesa-de-trabajo-1-copia-1024x753.png\" \/>\n<meta name=\"twitter:card\" content=\"summary_large_image\" \/>\n<meta name=\"twitter:label1\" content=\"Est. reading time\" \/>\n\t<meta name=\"twitter:data1\" content=\"2 minutes\" \/>\n<script type=\"application\/ld+json\" class=\"yoast-schema-graph\">{\"@context\":\"https:\/\/schema.org\",\"@graph\":[{\"@type\":\"WebPage\",\"@id\":\"https:\/\/fundacionbehealth.org\/sobre-nosotros\/\",\"url\":\"https:\/\/fundacionbehealth.org\/sobre-nosotros\/\",\"name\":\"Sobre Nosotros - Fundaci\u00f3n Behealth\",\"isPartOf\":{\"@id\":\"https:\/\/fundacionbehealth.org\/#website\"},\"primaryImageOfPage\":{\"@id\":\"https:\/\/fundacionbehealth.org\/sobre-nosotros\/#primaryimage\"},\"image\":{\"@id\":\"https:\/\/fundacionbehealth.org\/sobre-nosotros\/#primaryimage\"},\"thumbnailUrl\":\"https:\/\/fundacionbehealth.org\/wp-content\/uploads\/2024\/10\/fundacion_Mesa-de-trabajo-1-copia-1024x753.png\",\"datePublished\":\"2024-10-22T18:03:57+00:00\",\"dateModified\":\"2024-10-24T12:55:09+00:00\",\"breadcrumb\":{\"@id\":\"https:\/\/fundacionbehealth.org\/sobre-nosotros\/#breadcrumb\"},\"inLanguage\":\"en-US\",\"potentialAction\":[{\"@type\":\"ReadAction\",\"target\":[\"https:\/\/fundacionbehealth.org\/sobre-nosotros\/\"]}]},{\"@type\":\"ImageObject\",\"inLanguage\":\"en-US\",\"@id\":\"https:\/\/fundacionbehealth.org\/sobre-nosotros\/#primaryimage\",\"url\":\"https:\/\/fundacionbehealth.org\/wp-content\/uploads\/2024\/10\/fundacion_Mesa-de-trabajo-1-copia-1024x753.png\",\"contentUrl\":\"https:\/\/fundacionbehealth.org\/wp-content\/uploads\/2024\/10\/fundacion_Mesa-de-trabajo-1-copia-1024x753.png\"},{\"@type\":\"BreadcrumbList\",\"@id\":\"https:\/\/fundacionbehealth.org\/sobre-nosotros\/#breadcrumb\",\"itemListElement\":[{\"@type\":\"ListItem\",\"position\":1,\"name\":\"Home\",\"item\":\"https:\/\/fundacionbehealth.org\/\"},{\"@type\":\"ListItem\",\"position\":2,\"name\":\"Sobre Nosotros\"}]},{\"@type\":\"WebSite\",\"@id\":\"https:\/\/fundacionbehealth.org\/#website\",\"url\":\"https:\/\/fundacionbehealth.org\/\",\"name\":\"Fundaci\u00f3n Behealth\",\"description\":\"\",\"publisher\":{\"@id\":\"https:\/\/fundacionbehealth.org\/#organization\"},\"potentialAction\":[{\"@type\":\"SearchAction\",\"target\":{\"@type\":\"EntryPoint\",\"urlTemplate\":\"https:\/\/fundacionbehealth.org\/?s={search_term_string}\"},\"query-input\":{\"@type\":\"PropertyValueSpecification\",\"valueRequired\":true,\"valueName\":\"search_term_string\"}}],\"inLanguage\":\"en-US\"},{\"@type\":\"Organization\",\"@id\":\"https:\/\/fundacionbehealth.org\/#organization\",\"name\":\"Fundaci\u00f3n Behealth\",\"url\":\"https:\/\/fundacionbehealth.org\/\",\"logo\":{\"@type\":\"ImageObject\",\"inLanguage\":\"en-US\",\"@id\":\"https:\/\/fundacionbehealth.org\/#\/schema\/logo\/image\/\",\"url\":\"https:\/\/fundacionbehealth.org\/wp-content\/uploads\/2024\/10\/iStock-1252802705.jpg\",\"contentUrl\":\"https:\/\/fundacionbehealth.org\/wp-content\/uploads\/2024\/10\/iStock-1252802705.jpg\",\"width\":2190,\"height\":1369,\"caption\":\"Fundaci\u00f3n Behealth\"},\"image\":{\"@id\":\"https:\/\/fundacionbehealth.org\/#\/schema\/logo\/image\/\"}}]}<\/script>\n<!-- \/ Yoast SEO plugin. -->","yoast_head_json":{"title":"Sobre Nosotros - Fundaci\u00f3n Behealth","robots":{"index":"index","follow":"follow","max-snippet":"max-snippet:-1","max-image-preview":"max-image-preview:large","max-video-preview":"max-video-preview:-1"},"canonical":"https:\/\/fundacionbehealth.org\/en\/sobre-nosotros\/","og_locale":"en_US","og_type":"article","og_title":"Sobre Nosotros - Fundaci\u00f3n Behealth","og_description":"Valores","og_url":"https:\/\/fundacionbehealth.org\/en\/sobre-nosotros\/","og_site_name":"Fundaci\u00f3n Behealth","article_modified_time":"2024-10-24T12:55:09+00:00","og_image":[{"url":"https:\/\/fundacionbehealth.org\/wp-content\/uploads\/2024\/10\/fundacion_Mesa-de-trabajo-1-copia-1024x753.png","type":"","width":"","height":""}],"twitter_card":"summary_large_image","twitter_misc":{"Est. reading time":"2 minutes"},"schema":{"@context":"https:\/\/schema.org","@graph":[{"@type":"WebPage","@id":"https:\/\/fundacionbehealth.org\/sobre-nosotros\/","url":"https:\/\/fundacionbehealth.org\/sobre-nosotros\/","name":"Sobre Nosotros - Fundaci\u00f3n Behealth","isPartOf":{"@id":"https:\/\/fundacionbehealth.org\/#website"},"primaryImageOfPage":{"@id":"https:\/\/fundacionbehealth.org\/sobre-nosotros\/#primaryimage"},"image":{"@id":"https:\/\/fundacionbehealth.org\/sobre-nosotros\/#primaryimage"},"thumbnailUrl":"https:\/\/fundacionbehealth.org\/wp-content\/uploads\/2024\/10\/fundacion_Mesa-de-trabajo-1-copia-1024x753.png","datePublished":"2024-10-22T18:03:57+00:00","dateModified":"2024-10-24T12:55:09+00:00","breadcrumb":{"@id":"https:\/\/fundacionbehealth.org\/sobre-nosotros\/#breadcrumb"},"inLanguage":"en-US","potentialAction":[{"@type":"ReadAction","target":["https:\/\/fundacionbehealth.org\/sobre-nosotros\/"]}]},{"@type":"ImageObject","inLanguage":"en-US","@id":"https:\/\/fundacionbehealth.org\/sobre-nosotros\/#primaryimage","url":"https:\/\/fundacionbehealth.org\/wp-content\/uploads\/2024\/10\/fundacion_Mesa-de-trabajo-1-copia-1024x753.png","contentUrl":"https:\/\/fundacionbehealth.org\/wp-content\/uploads\/2024\/10\/fundacion_Mesa-de-trabajo-1-copia-1024x753.png"},{"@type":"BreadcrumbList","@id":"https:\/\/fundacionbehealth.org\/sobre-nosotros\/#breadcrumb","itemListElement":[{"@type":"ListItem","position":1,"name":"Home","item":"https:\/\/fundacionbehealth.org\/"},{"@type":"ListItem","position":2,"name":"Sobre Nosotros"}]},{"@type":"WebSite","@id":"https:\/\/fundacionbehealth.org\/#website","url":"https:\/\/fundacionbehealth.org\/","name":"Fundaci\u00f3n Behealth","description":"","publisher":{"@id":"https:\/\/fundacionbehealth.org\/#organization"},"potentialAction":[{"@type":"SearchAction","target":{"@type":"EntryPoint","urlTemplate":"https:\/\/fundacionbehealth.org\/?s={search_term_string}"},"query-input":{"@type":"PropertyValueSpecification","valueRequired":true,"valueName":"search_term_string"}}],"inLanguage":"en-US"},{"@type":"Organization","@id":"https:\/\/fundacionbehealth.org\/#organization","name":"Fundaci\u00f3n Behealth","url":"https:\/\/fundacionbehealth.org\/","logo":{"@type":"ImageObject","inLanguage":"en-US","@id":"https:\/\/fundacionbehealth.org\/#\/schema\/logo\/image\/","url":"https:\/\/fundacionbehealth.org\/wp-content\/uploads\/2024\/10\/iStock-1252802705.jpg","contentUrl":"https:\/\/fundacionbehealth.org\/wp-content\/uploads\/2024\/10\/iStock-1252802705.jpg","width":2190,"height":1369,"caption":"Fundaci\u00f3n Behealth"},"image":{"@id":"https:\/\/fundacionbehealth.org\/#\/schema\/logo\/image\/"}}]}},"uagb_featured_image_src":{"full":false,"thumbnail":false,"medium":false,"medium_large":false,"large":false,"1536x1536":false,"2048x2048":false,"trp-custom-language-flag":false},"uagb_author_info":{"display_name":"nexhost","author_link":"https:\/\/fundacionbehealth.org\/en\/author\/nexhost\/"},"uagb_comment_info":0,"uagb_excerpt":"Valores","_links":{"self":[{"href":"https:\/\/fundacionbehealth.org\/en\/wp-json\/wp\/v2\/pages\/834","targetHints":{"allow":["GET"]}}],"collection":[{"href":"https:\/\/fundacionbehealth.org\/en\/wp-json\/wp\/v2\/pages"}],"about":[{"href":"https:\/\/fundacionbehealth.org\/en\/wp-json\/wp\/v2\/types\/page"}],"author":[{"embeddable":true,"href":"https:\/\/fundacionbehealth.org\/en\/wp-json\/wp\/v2\/users\/1"}],"replies":[{"embeddable":true,"href":"https:\/\/fundacionbehealth.org\/en\/wp-json\/wp\/v2\/comments?post=834"}],"version-history":[{"count":17,"href":"https:\/\/fundacionbehealth.org\/en\/wp-json\/wp\/v2\/pages\/834\/revisions"}],"predecessor-version":[{"id":1603,"href":"https:\/\/fundacionbehealth.org\/en\/wp-json\/wp\/v2\/pages\/834\/revisions\/1603"}],"wp:attachment":[{"href":"https:\/\/fundacionbehealth.org\/en\/wp-json\/wp\/v2\/media?parent=834"}],"curies":[{"name":"wp","href":"https:\/\/api.w.org\/{rel}","templated":true}]}}