{"id":833,"date":"2024-10-22T14:03:57","date_gmt":"2024-10-22T18:03:57","guid":{"rendered":"https:\/\/fundacionbehealth.org\/home\/"},"modified":"2024-10-24T08:58:58","modified_gmt":"2024-10-24T12:58:58","slug":"bienvenido","status":"publish","type":"page","link":"https:\/\/fundacionbehealth.org\/en\/","title":{"rendered":"Home"},"content":{"rendered":"<div class=\"wp-block-uagb-container uagb-block-fe83ce66 alignfull uagb-is-root-container\"><div class=\"uagb-container-inner-blocks-wrap\">\n<div class=\"wp-block-uagb-info-box uagb-block-701661e2 uagb-infobox__content-wrap  uagb-infobox-icon-above-title uagb-infobox-image-valign-top wp-block-uagb-info-box--has-margin\"><div class=\"uagb-infobox-margin-wrapper\"><div class=\"uagb-ifb-content\"><div class=\"uagb-ifb-title-wrap\"><h1 class=\"uagb-ifb-title\">BeHealth Foundation<\/h1><\/div><div class=\"uagb-ifb-separator\"><\/div><div class=\"uagb-ifb-desc\">\n<p>La Fundaci\u00f3n BeHealth est\u00e1 dedicada a mejorar la salud p\u00fablica en Puerto Rico a trav\u00e9s de programas educativos y de concienciaci\u00f3n. Promovemos h\u00e1bitos saludables y un bienestar integral para crear un impacto positivo y sostenible&nbsp;en&nbsp;nuestra&nbsp;Isla<\/p>\n<\/div><div class=\"uagb-ifb-button-wrapper wp-block-button\"><a href=\"\/en\/sobre-nosotros\/\" class=\"uagb-infobox-cta-link wp-block-button__link\" target=\"_self\" rel=\"noopener noreferrer\" onclick=\"return true;\"><span class=\"uagb-inline-editing\">Conoce mas sobre nosotros<\/span><\/a><\/div><\/div><\/div><\/div>\n<\/div><\/div>\n\n\n\n<div class=\"wp-block-uagb-container uagb-block-ef2d6986 alignfull uagb-is-root-container\"><div class=\"uagb-container-inner-blocks-wrap\">\n<div class=\"wp-block-uagb-container uagb-block-18a32e49\">\n<div class=\"wp-block-uagb-info-box uagb-block-624a8694 uagb-infobox__content-wrap  uagb-infobox-icon-above-title uagb-infobox-image-valign-top wp-block-uagb-info-box--has-margin\"><div class=\"uagb-infobox-margin-wrapper\"><div class=\"uagb-ifb-content\"><div class=\"uagb-ifb-separator\"><\/div><div class=\"uagb-ifb-title-wrap\"><h2 class=\"uagb-ifb-title-prefix\"><strong>Purpose of the Foundation<\/strong><\/h2><\/div><p class=\"uagb-ifb-desc\">La Fundaci\u00f3n BeHealth se crea con la intenci\u00f3n de dise\u00f1ar, implementar y apoyar programas educativos que promuevan una mejor salud p\u00fablica en el pa\u00eds. Nos dedicamos a:<br><br>Desarrollar Programas y Eventos Educativos: Crear y ofrecer programas y eventos de educaci\u00f3n sobre salud, deportes y actividades que unan la mente y el cuerpo, para diferentes segmentos de la poblaci\u00f3n, incluyendo ni\u00f1os, adolescentes, adultos y ancianos.<br><\/p><\/div><\/div><\/div>\n\n\n\n<div class=\"wp-block-uagb-buttons uagb-buttons__outer-wrap uagb-btn__default-btn uagb-btn-tablet__default-btn uagb-btn-mobile__default-btn uagb-block-33e45f63\"><div class=\"uagb-buttons__wrap uagb-buttons-layout-wrap\">\n<div class=\"wp-block-uagb-buttons-child uagb-buttons__outer-wrap uagb-block-c36cc905 wp-block-button is-style-outline\"><div class=\"uagb-button__wrapper\"><a class=\"uagb-buttons-repeater wp-block-button__link\" aria-label=\"\" href=\"#\" rel=\"follow noopener\" target=\"_self\" role=\"button\"><div class=\"uagb-button__link\">ABOUT US<\/div><\/a><\/div><\/div>\n<\/div><\/div>\n<\/div>\n\n\n\n<div class=\"wp-block-uagb-container uagb-block-fab8ac2b\">\n<div class=\"wp-block-uagb-image alignright uagb-block-1906db38 wp-block-uagb-image--layout-default wp-block-uagb-image--effect-zoomin wp-block-uagb-image--align-right\"><figure class=\"wp-block-uagb-image__figure\"><img decoding=\"async\" srcset=\"https:\/\/fundacionbehealth.org\/wp-content\/uploads\/2024\/10\/fundacion-behealth-03-1024x870.png ,https:\/\/fundacionbehealth.org\/wp-content\/uploads\/2024\/10\/fundacion-behealth-03.png 780w, https:\/\/fundacionbehealth.org\/wp-content\/uploads\/2024\/10\/fundacion-behealth-03.png 360w\" sizes=\"auto, (max-width: 480px) 150px\" src=\"https:\/\/fundacionbehealth.org\/wp-content\/uploads\/2024\/10\/fundacion-behealth-03-1024x870.png\" alt=\"\" class=\"uag-image-1605\" width=\"447\" height=\"380\" title=\"fundacion behealth-03\" loading=\"lazy\" role=\"img\"\/><\/figure><\/div>\n<\/div>\n<\/div><\/div>\n\n\n\n<div class=\"wp-block-uagb-container uagb-block-d0290fb1 alignfull uagb-is-root-container\"><div class=\"uagb-container-inner-blocks-wrap\">\n<div class=\"wp-block-uagb-info-box uagb-block-43642cab uagb-infobox__content-wrap  uagb-infobox-icon-above-title uagb-infobox-image-valign-top wp-block-uagb-info-box--has-margin\"><div class=\"uagb-infobox-margin-wrapper\"><div class=\"uagb-ifb-content\"><div class=\"uagb-ifb-title-wrap\"><h2 class=\"uagb-ifb-title\">\u00a1Trabajemos juntos por un mejor Puerto&nbsp;Rico!<\/h2><\/div><p class=\"uagb-ifb-desc\">Nosotros llegamos a nuestras comunidades para llevar SALUD&nbsp;y&nbsp;BIENESTAR<\/p><div class=\"uagb-ifb-button-wrapper wp-block-button\"><a href=\"#\" class=\"uagb-infobox-cta-link wp-block-button__link\" target=\"_self\" rel=\"noopener noreferrer\" onclick=\"return false;\"><span class=\"uagb-inline-editing\">Cont\u00e1ctenos\u00a0<\/span><\/a><\/div><\/div><\/div><\/div>\n<\/div><\/div>\n\n\n\n<p><\/p>","protected":false},"excerpt":{"rendered":"","protected":false},"author":1,"featured_media":1594,"parent":0,"menu_order":0,"comment_status":"closed","ping_status":"closed","template":"","meta":{"_uag_custom_page_level_css":"","site-sidebar-layout":"no-sidebar","site-content-layout":"plain-container","ast-site-content-layout":"normal-width-container","site-content-style":"unboxed","site-sidebar-style":"unboxed","ast-global-header-display":"","ast-banner-title-visibility":"","ast-main-header-display":"","ast-hfb-above-header-display":"","ast-hfb-below-header-display":"","ast-hfb-mobile-header-display":"","site-post-title":"disabled","ast-breadcrumbs-content":"","ast-featured-img":"disabled","footer-sml-layout":"","theme-transparent-header-meta":"enabled","adv-header-id-meta":"","stick-header-meta":"","header-above-stick-meta":"","header-main-stick-meta":"","header-below-stick-meta":"","astra-migrate-meta-layouts":"set","ast-page-background-enabled":"default","ast-page-background-meta":{"desktop":{"background-color":"var(--ast-global-color-4)","background-image":"","background-repeat":"repeat","background-position":"center center","background-size":"auto","background-attachment":"scroll","background-type":"","background-media":"","overlay-type":"","overlay-color":"","overlay-opacity":"","overlay-gradient":""},"tablet":{"background-color":"","background-image":"","background-repeat":"repeat","background-position":"center center","background-size":"auto","background-attachment":"scroll","background-type":"","background-media":"","overlay-type":"","overlay-color":"","overlay-opacity":"","overlay-gradient":""},"mobile":{"background-color":"","background-image":"","background-repeat":"repeat","background-position":"center center","background-size":"auto","background-attachment":"scroll","background-type":"","background-media":"","overlay-type":"","overlay-color":"","overlay-opacity":"","overlay-gradient":""}},"ast-content-background-meta":{"desktop":{"background-color":"var(--ast-global-color-5)","background-image":"","background-repeat":"repeat","background-position":"center center","background-size":"auto","background-attachment":"scroll","background-type":"","background-media":"","overlay-type":"","overlay-color":"","overlay-opacity":"","overlay-gradient":""},"tablet":{"background-color":"var(--ast-global-color-5)","background-image":"","background-repeat":"repeat","background-position":"center center","background-size":"auto","background-attachment":"scroll","background-type":"","background-media":"","overlay-type":"","overlay-color":"","overlay-opacity":"","overlay-gradient":""},"mobile":{"background-color":"var(--ast-global-color-5)","background-image":"","background-repeat":"repeat","background-position":"center center","background-size":"auto","background-attachment":"scroll","background-type":"","background-media":"","overlay-type":"","overlay-color":"","overlay-opacity":"","overlay-gradient":""}},"footnotes":""},"class_list":["post-833","page","type-page","status-publish","has-post-thumbnail","hentry"],"yoast_head":"<!-- This site is optimized with the Yoast SEO plugin v24.9 - https:\/\/yoast.com\/wordpress\/plugins\/seo\/ -->\n<title>Inicio - Fundaci\u00f3n Behealth<\/title>\n<meta name=\"description\" content=\"La Fundaci\u00f3n BeHealth est\u00e1 dedicada a mejorar la salud p\u00fablica en Puerto Rico a trav\u00e9s de programas educativos y de concienciaci\u00f3n.\" \/>\n<meta name=\"robots\" content=\"index, follow, max-snippet:-1, max-image-preview:large, max-video-preview:-1\" \/>\n<link rel=\"canonical\" href=\"https:\/\/fundacionbehealth.org\/en\/\" \/>\n<meta property=\"og:locale\" content=\"en_US\" \/>\n<meta property=\"og:type\" content=\"article\" \/>\n<meta property=\"og:title\" content=\"Inicio - Fundaci\u00f3n Behealth\" \/>\n<meta property=\"og:description\" content=\"La Fundaci\u00f3n BeHealth est\u00e1 dedicada a mejorar la salud p\u00fablica en Puerto Rico a trav\u00e9s de programas educativos y de concienciaci\u00f3n.\" \/>\n<meta property=\"og:url\" content=\"https:\/\/fundacionbehealth.org\/en\/\" \/>\n<meta property=\"og:site_name\" content=\"Fundaci\u00f3n Behealth\" \/>\n<meta property=\"article:modified_time\" content=\"2024-10-24T12:58:58+00:00\" \/>\n<meta name=\"twitter:card\" content=\"summary_large_image\" \/>\n<meta name=\"twitter:label1\" content=\"Est. reading time\" \/>\n\t<meta name=\"twitter:data1\" content=\"2 minutes\" \/>\n<script type=\"application\/ld+json\" class=\"yoast-schema-graph\">{\"@context\":\"https:\/\/schema.org\",\"@graph\":[{\"@type\":\"WebPage\",\"@id\":\"https:\/\/fundacionbehealth.org\/\",\"url\":\"https:\/\/fundacionbehealth.org\/\",\"name\":\"Inicio - Fundaci\u00f3n Behealth\",\"isPartOf\":{\"@id\":\"https:\/\/fundacionbehealth.org\/#website\"},\"primaryImageOfPage\":{\"@id\":\"https:\/\/fundacionbehealth.org\/#primaryimage\"},\"image\":{\"@id\":\"https:\/\/fundacionbehealth.org\/#primaryimage\"},\"thumbnailUrl\":\"https:\/\/fundacionbehealth.org\/wp-content\/uploads\/2024\/10\/favicon1-01.svg\",\"datePublished\":\"2024-10-22T18:03:57+00:00\",\"dateModified\":\"2024-10-24T12:58:58+00:00\",\"description\":\"La Fundaci\u00f3n BeHealth est\u00e1 dedicada a mejorar la salud p\u00fablica en Puerto Rico a trav\u00e9s de programas educativos y de concienciaci\u00f3n.\",\"breadcrumb\":{\"@id\":\"https:\/\/fundacionbehealth.org\/#breadcrumb\"},\"inLanguage\":\"en-US\",\"potentialAction\":[{\"@type\":\"ReadAction\",\"target\":[\"https:\/\/fundacionbehealth.org\/\"]}]},{\"@type\":\"ImageObject\",\"inLanguage\":\"en-US\",\"@id\":\"https:\/\/fundacionbehealth.org\/#primaryimage\",\"url\":\"https:\/\/fundacionbehealth.org\/wp-content\/uploads\/2024\/10\/favicon1-01.svg\",\"contentUrl\":\"https:\/\/fundacionbehealth.org\/wp-content\/uploads\/2024\/10\/favicon1-01.svg\"},{\"@type\":\"BreadcrumbList\",\"@id\":\"https:\/\/fundacionbehealth.org\/#breadcrumb\",\"itemListElement\":[{\"@type\":\"ListItem\",\"position\":1,\"name\":\"Home\",\"item\":\"https:\/\/fundacionbehealth.org\/\"},{\"@type\":\"ListItem\",\"position\":2,\"name\":\"Inicio\"}]},{\"@type\":\"WebSite\",\"@id\":\"https:\/\/fundacionbehealth.org\/#website\",\"url\":\"https:\/\/fundacionbehealth.org\/\",\"name\":\"Fundaci\u00f3n Behealth\",\"description\":\"\",\"publisher\":{\"@id\":\"https:\/\/fundacionbehealth.org\/#organization\"},\"potentialAction\":[{\"@type\":\"SearchAction\",\"target\":{\"@type\":\"EntryPoint\",\"urlTemplate\":\"https:\/\/fundacionbehealth.org\/?s={search_term_string}\"},\"query-input\":{\"@type\":\"PropertyValueSpecification\",\"valueRequired\":true,\"valueName\":\"search_term_string\"}}],\"inLanguage\":\"en-US\"},{\"@type\":\"Organization\",\"@id\":\"https:\/\/fundacionbehealth.org\/#organization\",\"name\":\"Fundaci\u00f3n Behealth\",\"url\":\"https:\/\/fundacionbehealth.org\/\",\"logo\":{\"@type\":\"ImageObject\",\"inLanguage\":\"en-US\",\"@id\":\"https:\/\/fundacionbehealth.org\/#\/schema\/logo\/image\/\",\"url\":\"https:\/\/fundacionbehealth.org\/wp-content\/uploads\/2024\/10\/iStock-1252802705.jpg\",\"contentUrl\":\"https:\/\/fundacionbehealth.org\/wp-content\/uploads\/2024\/10\/iStock-1252802705.jpg\",\"width\":2190,\"height\":1369,\"caption\":\"Fundaci\u00f3n Behealth\"},\"image\":{\"@id\":\"https:\/\/fundacionbehealth.org\/#\/schema\/logo\/image\/\"}}]}<\/script>\n<!-- \/ Yoast SEO plugin. -->","yoast_head_json":{"title":"Inicio - Fundaci\u00f3n Behealth","description":"La Fundaci\u00f3n BeHealth est\u00e1 dedicada a mejorar la salud p\u00fablica en Puerto Rico a trav\u00e9s de programas educativos y de concienciaci\u00f3n.","robots":{"index":"index","follow":"follow","max-snippet":"max-snippet:-1","max-image-preview":"max-image-preview:large","max-video-preview":"max-video-preview:-1"},"canonical":"https:\/\/fundacionbehealth.org\/en\/","og_locale":"en_US","og_type":"article","og_title":"Inicio - Fundaci\u00f3n Behealth","og_description":"La Fundaci\u00f3n BeHealth est\u00e1 dedicada a mejorar la salud p\u00fablica en Puerto Rico a trav\u00e9s de programas educativos y de concienciaci\u00f3n.","og_url":"https:\/\/fundacionbehealth.org\/en\/","og_site_name":"Fundaci\u00f3n Behealth","article_modified_time":"2024-10-24T12:58:58+00:00","twitter_card":"summary_large_image","twitter_misc":{"Est. reading time":"2 minutes"},"schema":{"@context":"https:\/\/schema.org","@graph":[{"@type":"WebPage","@id":"https:\/\/fundacionbehealth.org\/","url":"https:\/\/fundacionbehealth.org\/","name":"Inicio - Fundaci\u00f3n Behealth","isPartOf":{"@id":"https:\/\/fundacionbehealth.org\/#website"},"primaryImageOfPage":{"@id":"https:\/\/fundacionbehealth.org\/#primaryimage"},"image":{"@id":"https:\/\/fundacionbehealth.org\/#primaryimage"},"thumbnailUrl":"https:\/\/fundacionbehealth.org\/wp-content\/uploads\/2024\/10\/favicon1-01.svg","datePublished":"2024-10-22T18:03:57+00:00","dateModified":"2024-10-24T12:58:58+00:00","description":"La Fundaci\u00f3n BeHealth est\u00e1 dedicada a mejorar la salud p\u00fablica en Puerto Rico a trav\u00e9s de programas educativos y de concienciaci\u00f3n.","breadcrumb":{"@id":"https:\/\/fundacionbehealth.org\/#breadcrumb"},"inLanguage":"en-US","potentialAction":[{"@type":"ReadAction","target":["https:\/\/fundacionbehealth.org\/"]}]},{"@type":"ImageObject","inLanguage":"en-US","@id":"https:\/\/fundacionbehealth.org\/#primaryimage","url":"https:\/\/fundacionbehealth.org\/wp-content\/uploads\/2024\/10\/favicon1-01.svg","contentUrl":"https:\/\/fundacionbehealth.org\/wp-content\/uploads\/2024\/10\/favicon1-01.svg"},{"@type":"BreadcrumbList","@id":"https:\/\/fundacionbehealth.org\/#breadcrumb","itemListElement":[{"@type":"ListItem","position":1,"name":"Home","item":"https:\/\/fundacionbehealth.org\/"},{"@type":"ListItem","position":2,"name":"Inicio"}]},{"@type":"WebSite","@id":"https:\/\/fundacionbehealth.org\/#website","url":"https:\/\/fundacionbehealth.org\/","name":"Fundaci\u00f3n Behealth","description":"","publisher":{"@id":"https:\/\/fundacionbehealth.org\/#organization"},"potentialAction":[{"@type":"SearchAction","target":{"@type":"EntryPoint","urlTemplate":"https:\/\/fundacionbehealth.org\/?s={search_term_string}"},"query-input":{"@type":"PropertyValueSpecification","valueRequired":true,"valueName":"search_term_string"}}],"inLanguage":"en-US"},{"@type":"Organization","@id":"https:\/\/fundacionbehealth.org\/#organization","name":"Fundaci\u00f3n Behealth","url":"https:\/\/fundacionbehealth.org\/","logo":{"@type":"ImageObject","inLanguage":"en-US","@id":"https:\/\/fundacionbehealth.org\/#\/schema\/logo\/image\/","url":"https:\/\/fundacionbehealth.org\/wp-content\/uploads\/2024\/10\/iStock-1252802705.jpg","contentUrl":"https:\/\/fundacionbehealth.org\/wp-content\/uploads\/2024\/10\/iStock-1252802705.jpg","width":2190,"height":1369,"caption":"Fundaci\u00f3n Behealth"},"image":{"@id":"https:\/\/fundacionbehealth.org\/#\/schema\/logo\/image\/"}}]}},"uagb_featured_image_src":{"full":["https:\/\/fundacionbehealth.org\/wp-content\/uploads\/2024\/10\/favicon1-01.svg",0,0,false],"thumbnail":["https:\/\/fundacionbehealth.org\/wp-content\/uploads\/2024\/10\/favicon1-01.svg",1,1,false],"medium":["https:\/\/fundacionbehealth.org\/wp-content\/uploads\/2024\/10\/favicon1-01.svg",1,1,false],"medium_large":["https:\/\/fundacionbehealth.org\/wp-content\/uploads\/2024\/10\/favicon1-01.svg",1,1,false],"large":["https:\/\/fundacionbehealth.org\/wp-content\/uploads\/2024\/10\/favicon1-01.svg",1,1,false],"1536x1536":["https:\/\/fundacionbehealth.org\/wp-content\/uploads\/2024\/10\/favicon1-01.svg",1,1,false],"2048x2048":["https:\/\/fundacionbehealth.org\/wp-content\/uploads\/2024\/10\/favicon1-01.svg",1,1,false],"trp-custom-language-flag":["https:\/\/fundacionbehealth.org\/wp-content\/uploads\/2024\/10\/favicon1-01.svg",1,1,false]},"uagb_author_info":{"display_name":"nexhost","author_link":"https:\/\/fundacionbehealth.org\/en\/author\/nexhost\/"},"uagb_comment_info":0,"uagb_excerpt":null,"_links":{"self":[{"href":"https:\/\/fundacionbehealth.org\/en\/wp-json\/wp\/v2\/pages\/833","targetHints":{"allow":["GET"]}}],"collection":[{"href":"https:\/\/fundacionbehealth.org\/en\/wp-json\/wp\/v2\/pages"}],"about":[{"href":"https:\/\/fundacionbehealth.org\/en\/wp-json\/wp\/v2\/types\/page"}],"author":[{"embeddable":true,"href":"https:\/\/fundacionbehealth.org\/en\/wp-json\/wp\/v2\/users\/1"}],"replies":[{"embeddable":true,"href":"https:\/\/fundacionbehealth.org\/en\/wp-json\/wp\/v2\/comments?post=833"}],"version-history":[{"count":29,"href":"https:\/\/fundacionbehealth.org\/en\/wp-json\/wp\/v2\/pages\/833\/revisions"}],"predecessor-version":[{"id":1610,"href":"https:\/\/fundacionbehealth.org\/en\/wp-json\/wp\/v2\/pages\/833\/revisions\/1610"}],"wp:featuredmedia":[{"embeddable":true,"href":"https:\/\/fundacionbehealth.org\/en\/wp-json\/wp\/v2\/media\/1594"}],"wp:attachment":[{"href":"https:\/\/fundacionbehealth.org\/en\/wp-json\/wp\/v2\/media?parent=833"}],"curies":[{"name":"wp","href":"https:\/\/api.w.org\/{rel}","templated":true}]}}